{"id":198,"date":"2022-06-06T12:54:23","date_gmt":"2022-06-06T12:54:23","guid":{"rendered":"https:\/\/toronyklub.hu\/wordpress\/?page_id=198"},"modified":"2022-06-08T08:57:45","modified_gmt":"2022-06-08T06:57:45","slug":"gyermekvedelem","status":"publish","type":"page","link":"https:\/\/toronyklub.hu\/wordpress\/gyermekvedelem\/","title":{"rendered":"Gyermekv\u00e9delem"},"content":{"rendered":"\n<p><h2>MAGATART\u00c1SI \u00c9S GYERMEKV\u00c9DELMI SZAB\u00c1LYZAT<\/h2> <span style=\"font-size: revert; color: initial;\">\u00a0<\/span> <h3>I. Bevezet\u00e9s<\/h3> <h4 style=\"padding-left: 40px;\">I.1. A Torony Klub fontosnak tartja, hogy figyelmet ford\u00edtson a kiskor\u00faak v\u00e9delm\u00e9re. A<br>Az al\u00e1bbiakban bemutatjuk a klub egy\u00fctt\u00e9l\u00e9si \u00e9s a kiskor\u00faak v\u00e9delm\u00e9re vonatkoz\u00f3 szab\u00e1lyokat.<\/h4> <h4 style=\"padding-left: 40px;\">I.2. A jelen Szab\u00e1lyzat az Alapt\u00f6rv\u00e9ny XVI. cikk\u00e9n, az Eur\u00f3pai Uni\u00f3 Alapjogi Chart\u00e1j\u00e1n (2010), az<br>ENSZ Gyermekek Jogair\u00f3l sz\u00f3l\u00f3 Egyezm\u00e9nyen (New York 1989. kihirdetve: 1991. \u00e9vi LXIV. tv.),<br>valamint az Eur\u00f3pai Parlament \u00e9s a Tan\u00e1cs 2011. december 13-i 2011\/93\/EU ir\u00e1nyelv\u00e9n alapul.<\/h4> <h3><br>II. A gyermekekkel \u00e9s fiatalokkal val\u00f3 b\u00e1n\u00e1sm\u00f3d c\u00e9lkit\u0171z\u00e9sei \u00e9s norm\u00e1i.<\/h3> <h4 style=\"padding-left: 40px;\">II. 1. A Torony Klub kinyilv\u00e1n\u00edtja elk\u00f6telezetts\u00e9g\u00e9t tagjainak \u00e9s mindazoknak, akik r\u00e9szt vesznek a<br>tev\u00e9kenys\u00e9g\u00e9ben, integr\u00e1lt nevel\u00e9se mellett.<\/h4> <h4 style=\"padding-left: 40px;\">II. 2. A Torony Klub egyik f\u0151 c\u00e9lja, hogy megtan\u00edtsa az embereket egy\u00fctt \u00e9lni, a k\u00f6lcs\u00f6n\u00f6s<br>tiszteletet, a megk\u00fcl\u00f6nb\u00f6ztet\u00e9s minden form\u00e1j\u00e1nak elker\u00fcl\u00e9s\u00e9t \u00e9s az egyenl\u0151s\u00e9g el\u0151mozd\u00edt\u00e1s\u00e1t a<br>k\u00fcl\u00f6nb\u00f6z\u0151 szem\u00e9lyis\u00e9gek fejl\u0151d\u00e9s\u00e9nek el\u0151seg\u00edt\u00e9se \u00e9rdek\u00e9ben.<\/h4> <h4 style=\"padding-left: 40px;\">II. 3. E c\u00e9lok el\u00e9r\u00e9se \u00e9rdek\u00e9ben a Torony Klub sz\u00e1m\u00edt a sz\u00fcl\u0151kre, mint gyermekeik els\u0151 sz\u00e1m\u00fa<br>nevel\u0151ire, megk\u00f6sz\u00f6nve nekik a k\u00fcl\u00f6nb\u00f6z\u0151 tev\u00e9kenys\u00e9gekben val\u00f3 r\u00e9szv\u00e9tel\u00fcket \u00e9s<br>egy\u00fcttm\u0171k\u00f6d\u00e9s\u00fcket.<br>Ebben az \u00e9rtelemben a klub vezet\u0151i szorgalmasan gondoskodnak a kiskor\u00faak sz\u00fcleivel val\u00f3<br>kapcsolattart\u00e1sr\u00f3l.<\/h4> <h4 style=\"padding-left: 40px;\">II. 4. A Torony Klub az Eur\u00f3pai Parlament \u00e9s a Tan\u00e1cs (EU) 2016\/679 rendelet\u00e9nek (GDPR<br>rendelet) rendelkez\u00e9sei szerint kezeli a szem\u00e9lyes adatokat.<\/h4> <h4 style=\"padding-left: 40px;\">II. 5. A gyerekeket meg kell v\u00e9deni az er\u0151szakra usz\u00edt\u00f3 vagy a szem\u00e9lyi szabads\u00e1got \u00e9s az emberi<br>jogokat s\u00e9rt\u0151 cselekm\u00e9nyekkel szemben.<\/h4> <h4 style=\"padding-left: 40px;\">II. 6. Ker\u00fclni kell az alkohol, a doh\u00e1ny \u00e9s minden m\u00e1s, az eg\u00e9szs\u00e9gre k\u00e1ros anyag fogyaszt\u00e1s\u00e1t,<br>haszn\u00e1lat\u00e1t.<\/h4> <h4 style=\"padding-left: 40px;\">II. 7. Fontosnak tartjuk a gyermekek eg\u00e9szs\u00e9ges t\u00e1pl\u00e1lkoz\u00e1s\u00e1t. Els\u0151sorban az\u00e9rt, mert<br>gyermekkorban megtanult \u00e9tkez\u00e9si szok\u00e1sok meghat\u00e1rozz\u00e1k a feln\u0151ttkori szok\u00e1sokat.<\/h4> <h4 style=\"padding-left: 40px;\">II. 8. A szabadban szervezett tev\u00e9kenys\u00e9geknek arra kell \u00f6szt\u00f6n\u00f6zni\u00fck a gyermekeket, hogy<br>kapcsolatot teremtsenek a term\u00e9szettel, \u00e9s megtanulni tisztelni \u00e9s \u00e9rt\u00e9kelni azt. Ezekben az<br>esetekben a vezet\u0151k \u00e9s a mentorok (mindig kett\u0151 vagy t\u00f6bb) rendelkeznek a sz\u00fcks\u00e9ges k\u00e9pes\u00edt\u00e9ssel,<br>\u00e9s nem alszanak s\u00e1trakban vagy szob\u00e1kban a kiskor\u00faakkal egy\u00fctt. Ha egy k\u00e1pl\u00e1n r\u00e9szt vesz a<br>tev\u00e9kenys\u00e9gben, mindig egyed\u00fcl alszik.<\/h4> <h4 style=\"padding-left: 40px;\">II. 9. Ker\u00fclni kell az olyan sporttev\u00e9kenys\u00e9geket, amelyek vesz\u00e9lyeztetik a kiskor\u00faak integrit\u00e1s\u00e1t.<\/h4> <h4 style=\"padding-left: 40px;\">II. 10. A kiskor\u00faak sz\u00e1ll\u00edt\u00e1sa eset\u00e9n a Torony Klub j\u00e1rm\u0171veit vezet\u0151 szem\u00e9lyeket k\u00fcl\u00f6n ki kell<br>v\u00e1lasztani. Feln\u0151tt soha nem utazhat egyed\u00fcl kiskor\u00faval, kiv\u00e9ve a sz\u00fcl\u0151k kifejezett beleegyez\u00e9s\u00e9vel.<\/h4> <h4 style=\"padding-left: 40px;\">II. 11. B\u00e1r a k\u00f6lcs\u00f6n\u00f6s tiszteletet b\u00e1tor\u00edtjuk, ker\u00fclj\u00fck a fizikai kontaktust, a vereked\u00e9st, a<br>szidalmaz\u00e1st \u00e9s a b\u00e1ntalmaz\u00e1s minden form\u00e1j\u00e1t. A zaklat\u00e1s eset\u00e9n azonnali v\u00e1laszl\u00e9p\u00e9seket tesz\u00fcnk.<\/h4> <h4 style=\"padding-left: 40px;\">II. 12. A kiskor\u00faakkal \u00e9s csal\u00e1dtagokkal val\u00f3 kapcsolattart\u00e1s sor\u00e1n a vezet\u0151knek figyelembe kell<br>venni\u00fck a tisztelet al\u00e1bbi gyakorlatait:<\/h4> <ol> <li style=\"list-style-type: none;\"> <ol style=\"list-style-type: upper-alpha;\"> <li>feln\u0151ttnek soha nem szabad egyed\u00fcl maradnia kiskor\u00faval egy elszigetelt helyen;<\/li> <li>tart\u00f3zkodni kell minden olyan viselked\u00e9st\u0151l, ak\u00e1r tettekben, ak\u00e1r sz\u00f3ban, ak\u00e1r \u00edr\u00e1sban, emailekben \u00e9s \u00fczenetekben, amely a fiatalokkal val\u00f3 bizalmaskod\u00e1sk\u00e9nt \u00e9rtelmezhet\u0151, \u00e9s amely<br>megnyilv\u00e1nul\u00e1sait t\u00falmutat a j\u00f3 bar\u00e1ts\u00e1g szok\u00e1sos megnyilv\u00e1nul\u00e1sain;<\/li> <li>ker\u00fclni kell a mentorok \u00e9s a kiskor\u00faak nem megfelel\u0151 \u00e9rzelemmegnyilv\u00e1nul\u00e1sait;<\/li> <li>amikor a lelk\u00e9sz r\u00e9szt vesz egy tev\u00e9kenys\u00e9gen, azt nyitott helyen, gy\u00f3ntat\u00f3sz\u00e9kben vagy<br>\u00fcvegajt\u00f3val ell\u00e1tott helyis\u00e9gben teszi, hogy a bels\u0151 t\u00e9r k\u00edv\u00fclr\u0151l is l\u00e1that\u00f3 legyen;<\/li> <li>a mentoroknak is l\u00e1that\u00f3 helyen kell besz\u00e9lni\u00fck a kiskor\u00faakkal; ha nincs \u00fcvegezve, az ajt\u00f3t<br>nyitva kell hagyniuk.<\/li> <\/ol> <\/li> <\/ol> <h4 style=\"padding-left: 40px;\">II. 13. Az Egyes\u00fclet vezet\u0151i ker\u00fclik a csal\u00e1dokkal vagy kiskor\u00faakkal szembeni kiv\u00e9telez\u00e9st.<\/h4> <h4 style=\"padding-left: 40px;\">II. 14. A sz\u00fcl\u0151knek a klub vezet\u0151s\u00e9g\u00e9n\u00e9l kell hagyniuk az el\u00e9rhet\u0151s\u00e9g\u00fcket \u00e9s a gyermekkel<br>kapcsolatos minden fontos orvosi inform\u00e1ci\u00f3t a l\u00e9tes\u00edtm\u00e9nyen k\u00edv\u00fcli t\u00f6bbnapos tev\u00e9kenys\u00e9get<br>megel\u0151z\u0151en.<\/h4> <h3><br>III. Elj\u00e1r\u00e1s kiskor\u00faakat \u00e9rint\u0151 vissza\u00e9l\u00e9s eset\u00e9n.<\/h3> <h4 style=\"padding-left: 40px;\">III. 1. Amint egy \u00e1ll\u00edt\u00e1s vagy a b\u00e1ntalmaz\u00e1s gyan\u00faja bejelent\u00e9sre ker\u00fcl, a kiskor\u00faakkal foglalkoz\u00f3<br>mentornak bizalmasan kezelt dosszi\u00e9t kell l\u00e9trehoznia, amelyben a nyomoz\u00e1s sor\u00e1n k\u00e9sz\u00fclt<br>valamennyi feljegyz\u00e9s \u00e9s besz\u00e9lget\u00e9s szerepel. Az iratokat \u00fagy kell elhelyezni, hogy illet\u00e9ktelen<br>szem\u00e9ly ne f\u00e9rhessen hozz\u00e1.<\/h4> <h4 style=\"padding-left: 40px;\">III. 2. A mentor t\u00e1j\u00e9koztatja a t\u00e9ny\u00e1ll\u00e1sr\u00f3l a kiskor\u00fa sz\u00fcleit, valamint adott esetben a b\u00e1ntalmaz\u00e1s<br>szemtan\u00fajak\u00e9nt szerepl\u0151 kiskor\u00faak csal\u00e1djait.<\/h4> <h4 style=\"padding-left: 40px;\">III. 3. A mentor halad\u00e9ktalanul \u00e9rtes\u00edti a klub vezet\u0151j\u00e9t, \u00e9s a helyettes vezet\u0151t. Biztos\u00edtani kell, hogy<br>e szem\u00e9lyek egyike se legyen elfogult. Ez a csoport (a tov\u00e1bbiakban GYB, Gyerekv\u00e9delmi<br>Bizotts\u00e1g) fel\u00fcgyeli a vissza\u00e9l\u00e9s gyan\u00faja miatt hozott int\u00e9zked\u00e9seket, \u00e9s biztos\u00edtja a kiskor\u00fa<br>\u00e9rdekeinek v\u00e9delm\u00e9t.<\/h4> <h4 style=\"padding-left: 40px;\">III. 4. A GYB minden egyes esetben meghat\u00e1rozza, hogy milyen int\u00e9zked\u00e9sek sz\u00fcks\u00e9gesek az<br>\u00e9rt\u00e9kel\u00e9shez \u00e9s tiszt\u00e1z\u00e1shoz (m\u00e1s gyermekekkel, sz\u00fcl\u0151kkel folytatott besz\u00e9lget\u00e9sek, internet<br>haszn\u00e1lat\u00e1nak \u00e9rt\u00e9kel\u00e9se, stb.); k\u00fcl\u00f6n\u00f6sen meg kell gy\u0151z\u0151dni arr\u00f3l, hogy a v\u00e1d ne f\u00e9lre\u00e9rt\u00e9sen,<br>tr\u00e9f\u00e1n vagy c\u00e9lozgat\u00e1son alapuljon.<\/h4> <h4 style=\"padding-left: 40px;\">III. 5. Ha kell\u0151en biztosak vagyunk abban, hogy az eml\u00edtett vissza\u00e9l\u00e9s megt\u00f6rt\u00e9nt, a v\u00e1dlottat<br>halad\u00e9ktalanul el kell t\u00e1vol\u00edtani az ifj\u00fas\u00e1gi munka ter\u00fclet\u00e9n v\u00e9gzett b\u00e1rmilyen tev\u00e9kenys\u00e9gt\u0151l.<br>Ha valakit vissza\u00e9l\u00e9ssel v\u00e1dolnak, \u00e9s nem egy\u00e9rtelm\u0171 azonnal, hogy a vissza\u00e9l\u00e9s megt\u00f6rt\u00e9nt-e, a<br>GYB-nek kell d\u00f6ntenie arr\u00f3l, hogy a sz\u00f3ban forg\u00f3 mentor egyel\u0151re tov\u00e1bb foglalkoztathat\u00f3-e az<br>ifj\u00fas\u00e1gi munk\u00e1ban, \u00e9s ha igen, hogyan. Az \u00e9rintettek \u00e9rdek\u00e9ben a v\u00e1dak tiszt\u00e1z\u00e1s\u00e1ig nem szabad<br>tov\u00e1bbi foglalkoztat\u00e1sra ker\u00fclni, legal\u00e1bbis kir\u00e1ndul\u00e1sok vagy t\u00e1borok sor\u00e1n nem; ezeket az<br>int\u00e9zked\u00e9seket az \u00e9rintett mentor j\u00f3 h\u00edrnev\u00e9nek meg\u0151rz\u00e9se \u00e9rdek\u00e9ben a lehet\u0151 legnagyobb<br>gondoss\u00e1ggal kell meghozni.<\/h4> <h4 style=\"padding-left: 40px;\">III. 7. A v\u00e1dlottnak lehet\u0151s\u00e9get kell adni arra, hogy szavaira vagy tetteire a lehet\u0151 legteljesebb<br>m\u00e9rt\u00e9kben magyar\u00e1zatot adjon. \u00cdr\u00e1sos besz\u00e1mol\u00f3 is elfogadhat\u00f3. Minden er\u0151fesz\u00edt\u00e9st megtesz\u00fcnk<br>annak \u00e9rdek\u00e9ben, hogy ez a folyamat bizalmas maradjon, hogy az ifj\u00fas\u00e1gi munk\u00e1t\u00f3l val\u00f3<br>t\u00e1volmarad\u00e1s ne legyen el\u0151\u00edt\u00e9letnek tekinthet\u0151.<\/h4> <h4 style=\"padding-left: 40px;\">III. 8. Minden er\u0151fesz\u00edt\u00e9st megtesz\u00fcnk a gyan\u00fas\u00edtott j\u00f3 h\u00edrnev\u00e9nek v\u00e9delme \u00e9rdek\u00e9ben mindaddig,<br>am\u00edg a v\u00e1dak nem ker\u00fclnek meger\u0151s\u00edt\u00e9sre. Fontos tudni, hogy el\u0151fordulnak hamis, s\u0151t n\u00e9ha<br>rosszindulat\u00fa \u00e1ll\u00edt\u00e1sok a b\u00e1ntalmaz\u00e1sr\u00f3l, \u00e9s hogy ezek nagy k\u00e1rt okoznak az \u00e9rintett szem\u00e9lynek.<br>Ez\u00e9rt a v\u00e1dlottakat a vizsg\u00e1lat sor\u00e1n megfelel\u0151 t\u00e1mogat\u00e1sban kell r\u00e9szes\u00edteni. Ha a v\u00e1dak<br>val\u00f3tlans\u00e1ga ker\u00fclt meg\u00e1llap\u00edt\u00e1sra, akkor vissza kell \u0151ket illeszteni a munk\u00e1ba, a rosszindulat\u00fa<br>r\u00e1galmaz\u00f3kat pedig felel\u0151ss\u00e9gre kell vonni.<\/h4> <h4 style=\"padding-left: 40px;\">III. 9. A vizsg\u00e1lat befejez\u00e9s\u00e9t k\u00f6vet\u0151en a GYB meghat\u00e1rozza a sz\u00fcks\u00e9ges int\u00e9zked\u00e9seket. Ezt<br>\u00edr\u00e1sban dokument\u00e1lni kell \u00e9s meg kell \u0151rizni az akt\u00e1ban.<\/h4> <h4 style=\"padding-left: 40px;\">III. 10. Az eredm\u00e9nyekr\u0151l t\u00e1j\u00e9koztatni kell az \u00e9rintett kiskor\u00fa sz\u00fcleit, hogy sz\u00fcks\u00e9g eset\u00e9n<br>lehet\u0151s\u00e9g\u00fck legyen b\u00fcntet\u0151feljelent\u00e9st tenni.<\/h4> <h4 style=\"padding-left: 40px;\">III. 11. Ha egy konkr\u00e9t \u00fcgyben a b\u00fcntet\u0151hat\u00f3s\u00e1gok vagy a rend\u0151rs\u00e9g elj\u00e1r\u00e1st ind\u00edt, vagy el\u0151zetes<br>vizsg\u00e1latot folytat, a GYB egy\u00fcttm\u0171k\u00f6dik a hat\u00f3s\u00e1gokkal \u00e9s nem tart meg semmilyen inform\u00e1ci\u00f3t<br>mag\u00e1nak. A vizsg\u00e1lat ideje alatt semmilyen m\u00f3don nem foglalkoztathat\u00f3 tov\u00e1bb az ifj\u00fas\u00e1gi<br>munk\u00e1ban.<\/h4> <h4 style=\"padding-left: 40px;\">III. 12. Ha meg\u00e1llap\u00edt\u00e1st nyer, hogy hamis vagy megalapozatlan v\u00e1dak mer\u00fcltek fel, az \u00fcgyet le kell<br>z\u00e1rni. A klub vezet\u0151s\u00e9ge megfontolja a hamis v\u00e1dl\u00f3 elt\u00e1vol\u00edt\u00e1s\u00e1t a klubb\u00f3l.<\/h4> <h4 style=\"padding-left: 40px;\">III. 13. B\u00e1rkit, akit vissza\u00e9l\u00e9sben b\u0171n\u00f6snek tal\u00e1lnak, azonnal el kell t\u00e1vol\u00edtani minden olyan<br>ter\u00fcletr\u0151l, ahol fiatalokkal \u00e9rintkezhet.<\/h4> <h4>\u00a0<\/h4> <h3><br><span style=\"font-size: 14pt;\"><strong>Gyermekv\u00e9delmi felel\u0151s:<\/strong><\/span><\/h3> <p style=\"padding-left: 40px;\"><strong><span style=\"font-size: 14pt;\">de Castro Rafael<\/span><\/strong><\/p> <p style=\"padding-left: 40px;\"><span style=\"font-size: 14pt;\"><em>C\u00edm:<\/em> 1126 Budapest, Orb\u00e1nhegyi \u00fat 30.<\/span><br><span style=\"font-size: 14pt;\"><em>Tel.<\/em> +36 70 662 5838<\/span><br><span style=\"font-size: 14pt;\"><em>Email:<\/em> rafadecas@gmail.com<\/span><\/p> <p><br><strong><span style=\"font-size: 14pt;\">Budapest, 2022. \u00e1prilis 2.<\/span><\/strong><\/p><\/p>\n","protected":false},"excerpt":{"rendered":"<p>MAGATART\u00c1SI \u00c9S GYERMEKV\u00c9DELMI SZAB\u00c1LYZAT \u00a0 I. Bevezet\u00e9s I.1. A Torony Klub fontosnak tartja, hogy figyelmet ford\u00edtson a kiskor\u00faak v\u00e9delm\u00e9re. AAz al\u00e1bbiakban bemutatjuk a klub egy\u00fctt\u00e9l\u00e9si \u00e9s a kiskor\u00faak v\u00e9delm\u00e9re vonatkoz\u00f3 szab\u00e1lyokat. I.2. A jelen Szab\u00e1lyzat az Alapt\u00f6rv\u00e9ny XVI. cikk\u00e9n, az Eur\u00f3pai Uni\u00f3 Alapjogi Chart\u00e1j\u00e1n (2010), azENSZ Gyermekek Jogair\u00f3l sz\u00f3l\u00f3 Egyezm\u00e9nyen (New York 1989. kihirdetve: 1991. [&hellip;]<\/p>\n","protected":false},"author":1,"featured_media":0,"parent":0,"menu_order":0,"comment_status":"closed","ping_status":"closed","template":"","meta":[],"_links":{"self":[{"href":"https:\/\/toronyklub.hu\/wordpress\/wp-json\/wp\/v2\/pages\/198"}],"collection":[{"href":"https:\/\/toronyklub.hu\/wordpress\/wp-json\/wp\/v2\/pages"}],"about":[{"href":"https:\/\/toronyklub.hu\/wordpress\/wp-json\/wp\/v2\/types\/page"}],"author":[{"embeddable":true,"href":"https:\/\/toronyklub.hu\/wordpress\/wp-json\/wp\/v2\/users\/1"}],"replies":[{"embeddable":true,"href":"https:\/\/toronyklub.hu\/wordpress\/wp-json\/wp\/v2\/comments?post=198"}],"version-history":[{"count":7,"href":"https:\/\/toronyklub.hu\/wordpress\/wp-json\/wp\/v2\/pages\/198\/revisions"}],"predecessor-version":[{"id":216,"href":"https:\/\/toronyklub.hu\/wordpress\/wp-json\/wp\/v2\/pages\/198\/revisions\/216"}],"wp:attachment":[{"href":"https:\/\/toronyklub.hu\/wordpress\/wp-json\/wp\/v2\/media?parent=198"}],"curies":[{"name":"wp","href":"https:\/\/api.w.org\/{rel}","templated":true}]}}