{"id":50,"date":"2018-10-30T11:22:36","date_gmt":"2018-10-30T11:22:36","guid":{"rendered":"http:\/\/127.0.0.1\/wordpress\/?page_id=50"},"modified":"2019-05-21T10:17:51","modified_gmt":"2019-05-21T10:17:51","slug":"programok","status":"publish","type":"page","link":"https:\/\/toronyklub.hu\/wordpress\/programok\/","title":{"rendered":"Programok"},"content":{"rendered":"\n<h2><\/h2>\n\n\n\n<p><strong>Helysz\u00edn<\/strong>: Torony Ifj\u00fas\u00e1gi Klub&nbsp;<\/p>\n\n\n\n<p>1055 Budapest, Pet\u0151fi S\u00e1ndor u. 3A cseng\u0151 16<\/p>\n\n\n\n<p><strong>Id\u0151pont:\u00a0<\/strong>Minden cs\u00fct\u00f6rt\u00f6k\u00f6n 16:00-18:00 \u00e9s szombaton 9:45-12:45<\/p>\n\n\n\n<p><strong>(Cs\u00fct\u00f6rt\u00f6k) A klubfoglalkoz\u00e1sok \u00f3rarendje:<\/strong><\/p>\n\n\n\n<p>15.45-16:00 Foglalkoz\u00e1s<\/p>\n\n\n\n<p>16:00-16:15 El\u0151ad\u00e1s<\/p>\n\n\n\n<p>16:15-16:45 F\u0151z\u00e9s elk\u00e9sz\u00edt\u00e9se<\/p>\n\n\n\n<p>16:45-17:00 Im\u00e1ds\u00e1g<\/p>\n\n\n\n<p>17:00-18:00 F\u0151z\u00e9s<\/p>\n\n\n\n<p><strong>(Szombat) A klubfoglalkoz\u00e1sok \u00f3rarendje:<\/strong><\/p>\n\n\n\n<p>9:45-10:00 Foglalkoz\u00e1s<\/p>\n\n\n\n<p>10:00-10:30 Elm\u00e9lked\u00e9s \/ Im\u00e1ds\u00e1g<\/p>\n\n\n\n<p>10:30-12:30 Program<\/p>\n\n\n\n<p><\/p>\n","protected":false},"excerpt":{"rendered":"<p>Helysz\u00edn: Torony Ifj\u00fas\u00e1gi Klub&nbsp; 1055 Budapest, Pet\u0151fi S\u00e1ndor u. 3A cseng\u0151 16 Id\u0151pont:\u00a0Minden cs\u00fct\u00f6rt\u00f6k\u00f6n 16:00-18:00 \u00e9s szombaton 9:45-12:45 (Cs\u00fct\u00f6rt\u00f6k) A klubfoglalkoz\u00e1sok \u00f3rarendje: 15.45-16:00 Foglalkoz\u00e1s 16:00-16:15 El\u0151ad\u00e1s 16:15-16:45 F\u0151z\u00e9s elk\u00e9sz\u00edt\u00e9se 16:45-17:00 Im\u00e1ds\u00e1g 17:00-18:00 F\u0151z\u00e9s (Szombat) A klubfoglalkoz\u00e1sok \u00f3rarendje: 9:45-10:00 Foglalkoz\u00e1s 10:00-10:30 Elm\u00e9lked\u00e9s \/ Im\u00e1ds\u00e1g 10:30-12:30 Program<\/p>\n","protected":false},"author":1,"featured_media":0,"parent":0,"menu_order":0,"comment_status":"closed","ping_status":"closed","template":"","meta":[],"_links":{"self":[{"href":"https:\/\/toronyklub.hu\/wordpress\/wp-json\/wp\/v2\/pages\/50"}],"collection":[{"href":"https:\/\/toronyklub.hu\/wordpress\/wp-json\/wp\/v2\/pages"}],"about":[{"href":"https:\/\/toronyklub.hu\/wordpress\/wp-json\/wp\/v2\/types\/page"}],"author":[{"embeddable":true,"href":"https:\/\/toronyklub.hu\/wordpress\/wp-json\/wp\/v2\/users\/1"}],"replies":[{"embeddable":true,"href":"https:\/\/toronyklub.hu\/wordpress\/wp-json\/wp\/v2\/comments?post=50"}],"version-history":[{"count":4,"href":"https:\/\/toronyklub.hu\/wordpress\/wp-json\/wp\/v2\/pages\/50\/revisions"}],"predecessor-version":[{"id":108,"href":"https:\/\/toronyklub.hu\/wordpress\/wp-json\/wp\/v2\/pages\/50\/revisions\/108"}],"wp:attachment":[{"href":"https:\/\/toronyklub.hu\/wordpress\/wp-json\/wp\/v2\/media?parent=50"}],"curies":[{"name":"wp","href":"https:\/\/api.w.org\/{rel}","templated":true}]}}