{"id":56,"date":"2018-10-30T11:23:33","date_gmt":"2018-10-30T11:23:33","guid":{"rendered":"http:\/\/127.0.0.1\/wordpress\/?page_id=56"},"modified":"2018-10-30T13:47:46","modified_gmt":"2018-10-30T13:47:46","slug":"kapcsolat","status":"publish","type":"page","link":"https:\/\/toronyklub.hu\/wordpress\/kapcsolat\/","title":{"rendered":"Kapcsolat"},"content":{"rendered":"<h3><b>El\u00e9rhet\u0151s\u00e9g:<\/b><\/h3>\n<p>e-mail: <em>toronyklub@gmail.com<\/em><\/p>\n<p>telefon: <em>+36 70 269 1419<\/em><\/p>\n<h3><strong>C\u00edm:<\/strong><\/h3>\n<p>Budapest, 1051 | Pet\u0151fi S\u00e1ndor utca 3\/a | 16. k.cs.<\/p>\n<p><iframe loading=\"lazy\" style=\"border: 0;\" src=\"https:\/\/www.google.com\/maps\/embed?pb=!1m14!1m8!1m3!1d5391.621296138053!2d19.055256000000004!3d47.493602!3m2!1i1024!2i768!4f13.1!3m3!1m2!1s0x4741dc43fe87cbb3%3A0xc252b8e6d9c01da7!2sBudapest%2C+Pet%C5%91fi+S%C3%A1ndor+u.+3%2C+1052!5e0!3m2!1shu!2shu!4v1540899146272\" width=\"1400\" height=\"600\" frameborder=\"0\" allowfullscreen=\"allowfullscreen\"><\/iframe><\/p>\n","protected":false},"excerpt":{"rendered":"<p>El\u00e9rhet\u0151s\u00e9g: e-mail: toronyklub@gmail.com telefon: +36 70 269 1419 C\u00edm: Budapest, 1051 | Pet\u0151fi S\u00e1ndor utca 3\/a | 16. k.cs.<\/p>\n","protected":false},"author":1,"featured_media":0,"parent":0,"menu_order":0,"comment_status":"closed","ping_status":"closed","template":"","meta":[],"_links":{"self":[{"href":"https:\/\/toronyklub.hu\/wordpress\/wp-json\/wp\/v2\/pages\/56"}],"collection":[{"href":"https:\/\/toronyklub.hu\/wordpress\/wp-json\/wp\/v2\/pages"}],"about":[{"href":"https:\/\/toronyklub.hu\/wordpress\/wp-json\/wp\/v2\/types\/page"}],"author":[{"embeddable":true,"href":"https:\/\/toronyklub.hu\/wordpress\/wp-json\/wp\/v2\/users\/1"}],"replies":[{"embeddable":true,"href":"https:\/\/toronyklub.hu\/wordpress\/wp-json\/wp\/v2\/comments?post=56"}],"version-history":[{"count":9,"href":"https:\/\/toronyklub.hu\/wordpress\/wp-json\/wp\/v2\/pages\/56\/revisions"}],"predecessor-version":[{"id":94,"href":"https:\/\/toronyklub.hu\/wordpress\/wp-json\/wp\/v2\/pages\/56\/revisions\/94"}],"wp:attachment":[{"href":"https:\/\/toronyklub.hu\/wordpress\/wp-json\/wp\/v2\/media?parent=56"}],"curies":[{"name":"wp","href":"https:\/\/api.w.org\/{rel}","templated":true}]}}