{"id":8,"date":"2018-10-30T10:31:03","date_gmt":"2018-10-30T10:31:03","guid":{"rendered":"http:\/\/127.0.0.1\/wordpress\/?page_id=8"},"modified":"2019-05-21T10:30:54","modified_gmt":"2019-05-21T10:30:54","slug":"home","status":"publish","type":"page","link":"https:\/\/toronyklub.hu\/wordpress\/","title":{"rendered":"Kezd\u0151lap"},"content":{"rendered":"<p>Mi vangyunk<\/p>\n\n\n<h2><br>A Torony Klub ifj\u00fas\u00e1gi szervezet k\u00fcldet\u00e9se, hogy seg\u00edtse tagjait egy csal\u00e1dias, vid\u00e1m \u00e9s kereszt\u00e9ny alapokon nyugv\u00f3 k\u00f6zegben fejl\u0151dni szem\u00e9lyis\u00e9g\u00fckben, bar\u00e1ts\u00e1gaikban \u00e9s tanulm\u00e1nyaikban egyar\u00e1nt. Alkalmainkra minden 9-18 \u00e9v k\u00f6z\u00f6tti fi\u00fat v\u00e1runk szeretettel!<\/h2>\n","protected":false},"excerpt":{"rendered":"<p>Mi vangyunk A Torony Klub ifj\u00fas\u00e1gi szervezet k\u00fcldet\u00e9se, hogy seg\u00edtse tagjait egy csal\u00e1dias, vid\u00e1m \u00e9s kereszt\u00e9ny alapokon nyugv\u00f3 k\u00f6zegben fejl\u0151dni szem\u00e9lyis\u00e9g\u00fckben, bar\u00e1ts\u00e1gaikban \u00e9s tanulm\u00e1nyaikban egyar\u00e1nt. Alkalmainkra minden 9-18 \u00e9v k\u00f6z\u00f6tti fi\u00fat v\u00e1runk szeretettel!<\/p>\n","protected":false},"author":1,"featured_media":0,"parent":0,"menu_order":0,"comment_status":"closed","ping_status":"closed","template":"","meta":[],"_links":{"self":[{"href":"https:\/\/toronyklub.hu\/wordpress\/wp-json\/wp\/v2\/pages\/8"}],"collection":[{"href":"https:\/\/toronyklub.hu\/wordpress\/wp-json\/wp\/v2\/pages"}],"about":[{"href":"https:\/\/toronyklub.hu\/wordpress\/wp-json\/wp\/v2\/types\/page"}],"author":[{"embeddable":true,"href":"https:\/\/toronyklub.hu\/wordpress\/wp-json\/wp\/v2\/users\/1"}],"replies":[{"embeddable":true,"href":"https:\/\/toronyklub.hu\/wordpress\/wp-json\/wp\/v2\/comments?post=8"}],"version-history":[{"count":4,"href":"https:\/\/toronyklub.hu\/wordpress\/wp-json\/wp\/v2\/pages\/8\/revisions"}],"predecessor-version":[{"id":112,"href":"https:\/\/toronyklub.hu\/wordpress\/wp-json\/wp\/v2\/pages\/8\/revisions\/112"}],"wp:attachment":[{"href":"https:\/\/toronyklub.hu\/wordpress\/wp-json\/wp\/v2\/media?parent=8"}],"curies":[{"name":"wp","href":"https:\/\/api.w.org\/{rel}","templated":true}]}}