{"id":9,"date":"2018-10-30T10:31:03","date_gmt":"2018-10-30T10:31:03","guid":{"rendered":"http:\/\/127.0.0.1\/wordpress\/?page_id=9"},"modified":"2022-06-07T17:15:36","modified_gmt":"2022-06-07T15:15:36","slug":"about","status":"publish","type":"page","link":"https:\/\/toronyklub.hu\/wordpress\/about\/","title":{"rendered":"R\u00f3lunk"},"content":{"rendered":"<p>R\u00f3lunk<\/p>\n\n\n<h2><\/h2>\n\n\n\n<p><strong>Mi\u00e9rt j\u00f6tt l\u00e9tre a\nTorony Klub? <\/strong><\/p>\n\n\n\n<p>Minden fiatal \u00e9let\u00e9ben nagy\nszerepet j\u00e1tszik az iskola ut\u00e1ni szabadid\u0151. A Torony Klubbot alap\u00edt\u00f3 sz\u00fcl\u0151k\nsz\u00e1m\u00e1ra fontos volt, hogy ezt az id\u0151t gyermekeik j\u00f3 \u00e9s biztos k\u00f6rnyezetben\nt\u00f6lts\u00e9k. \u00cdgy azt\u00e1n szervezet\u00fcnk f\u0151 k\u00fcldet\u00e9se az lett, hogy egy olyan teret\nny\u00fajtsunk, amelyben k\u00f6z\u00f6sen lehet tanulni, kikpcsol\u00f3dni \u00e9s k\u00f6zben egym\u00e1st\nmegismerve bar\u00e1tkozni. <\/p>\n\n\n\n<p><strong>Mivel foglalkozunk a\nklubban? <\/strong><\/p>\n\n\n\n<p>Egyes\u00fclet\u00fcnk heti\nrendszeress\u00e9ggel tart alkalmakat. Egy\u00fctt tanulunk, sportolunk \u00e9s k\u00fcl\u00f6nb\u00f6z\u0151\nprogramokat szervez\u00fcnk, amelyek mind&nbsp; a fenti\nc\u00e9lokat szolg\u00e1lj\u00e1k. <\/p>\n\n\n\n<p><strong>A klub \u00e9s a csal\u00e1dok<\/strong><\/p>\n\n\n\n<p>A klub sz\u00fcl\u0151i nevel\u00e9st\nkieg\u00e9sz\u00edtve seg\u00edti a fi\u00fak szellemi, emberi \u00e9s lelki fejl\u0151d\u00e9s\u00e9t. Mindezekmellett\na gyermek nevel\u00e9s\u00e9\u00e9rt els\u0151sorban sz\u00fcleik felelnek. Ez\u00e9rt mindig t\u00f6reksz\u00fcnk a\nsz\u00fcl\u0151kkel egy bizalmi kapcsolatot kialak\u00edtani. <\/p>\n\n\n\n<p><strong>A Mentor<\/strong><\/p>\n\n\n\n<p>Klubunkban, a mentor seg\u00edti a\nfentebb eml\u00edtett c\u00e9lok el\u00e9r\u00e9s\u00e9t: kapcsolatot tart a sz\u00fcl\u0151kkel \u00e9s t\u00e1mogatja a\nfi\u00fakat szem\u00e9lyes \u00e9s tanulm\u00e1nyi fejl\u0151d\u00e9s\u00fckben. <\/p>\n\n\n\n<p><strong>Mib\u0151l tartjuk fenn a\nklubot? <\/strong><\/p>\n\n\n\n<p>Term\u00e9szetesen a klub a\ntagd\u00edjakkal nem k\u00e9pes fenntartani \u00f6nmag\u00e1t egy\u00e9b t\u00e1mogat\u00e1sok n\u00e9lk\u00fcl. Ez\u00e9rt a\nklubot csal\u00e1dok, \u00e9s mindenki, aki szimpatiz\u00e1l c\u00e9ljaival adom\u00e1nyokkal is\nseg\u00edtheti. <\/p>\n\n\n\n<p><strong>A Torony Klub \u00e9s az\nOpus Dei<\/strong><\/p>\n\n\n\n<p>A Torony Klub szeretn\u00e9 seg\u00edteni a r\u00e9sztvev\u0151k hitben val\u00f3 n\u00f6veked\u00e9s\u00e9t. Klubunk \u201elelke\u201d a Katolikus Egyh\u00e1z tan\u00edt\u00e1sa \u00e9s az Opus Dei alap\u00edt\u00f3j\u00e1nak, Szent Josemari\u00e1nak a lelkis\u00e9ge.&nbsp;<br><br><\/p>\n\n\n\n<p><strong>Mi az az Opus Dei? <\/strong><\/p>\n\n\n\n<p>Az Opus Dei \u2013 \u201eIsten M\u0171ve\u201d latinul \u2013 a Katolikus Egyh\u00e1z szem\u00e9lyi prelat\u00far\u00e1ja, melynek feladata, hogy k\u00f6zrem\u0171k\u00f6dj\u00f6n az Egyh\u00e1z evangeliz\u00e1ci\u00f3s k\u00fcldet\u00e9s\u00e9ben. F\u0151 c\u00e9lja elm\u00e9ly\u00edteni az \u00e9letszents\u00e9gre val\u00f3 \u00e1ltal\u00e1nos megh\u00edv\u00e1st \u00e9s a mindennapi munka megszentel\u0151 \u00e9rt\u00e9k\u00e9nek tudat\u00e1t <br>(<a href=\"http:\/\/www.opusdei.hu\/\" target=\"_blank\" rel=\"noreferrer noopener\">www.opusdei.hu<\/a>).<\/p>\n\n\n\n<p><\/p>\n\n\n\n<p><strong>Gyermekv\u00e9delem<\/strong><\/p>\n\n\n\n<p><a href=\"https:\/\/toronyklub.hu\/wordpress\/gyermekvedelem\/\">Gyermekv\u00e9delmi Szab\u00e1lyzat<\/a><\/p>\n\n\n\n<p><\/p>\n","protected":false},"excerpt":{"rendered":"<p>R\u00f3lunk Mi\u00e9rt j\u00f6tt l\u00e9tre a Torony Klub? Minden fiatal \u00e9let\u00e9ben nagy szerepet j\u00e1tszik az iskola ut\u00e1ni szabadid\u0151. A Torony Klubbot alap\u00edt\u00f3 sz\u00fcl\u0151k sz\u00e1m\u00e1ra fontos volt, hogy ezt az id\u0151t gyermekeik j\u00f3 \u00e9s biztos k\u00f6rnyezetben t\u00f6lts\u00e9k. \u00cdgy azt\u00e1n szervezet\u00fcnk f\u0151 k\u00fcldet\u00e9se az lett, hogy egy olyan teret ny\u00fajtsunk, amelyben k\u00f6z\u00f6sen lehet tanulni, kikpcsol\u00f3dni \u00e9s k\u00f6zben egym\u00e1st [&hellip;]<\/p>\n","protected":false},"author":1,"featured_media":0,"parent":0,"menu_order":0,"comment_status":"closed","ping_status":"closed","template":"","meta":[],"_links":{"self":[{"href":"https:\/\/toronyklub.hu\/wordpress\/wp-json\/wp\/v2\/pages\/9"}],"collection":[{"href":"https:\/\/toronyklub.hu\/wordpress\/wp-json\/wp\/v2\/pages"}],"about":[{"href":"https:\/\/toronyklub.hu\/wordpress\/wp-json\/wp\/v2\/types\/page"}],"author":[{"embeddable":true,"href":"https:\/\/toronyklub.hu\/wordpress\/wp-json\/wp\/v2\/users\/1"}],"replies":[{"embeddable":true,"href":"https:\/\/toronyklub.hu\/wordpress\/wp-json\/wp\/v2\/comments?post=9"}],"version-history":[{"count":18,"href":"https:\/\/toronyklub.hu\/wordpress\/wp-json\/wp\/v2\/pages\/9\/revisions"}],"predecessor-version":[{"id":208,"href":"https:\/\/toronyklub.hu\/wordpress\/wp-json\/wp\/v2\/pages\/9\/revisions\/208"}],"wp:attachment":[{"href":"https:\/\/toronyklub.hu\/wordpress\/wp-json\/wp\/v2\/media?parent=9"}],"curies":[{"name":"wp","href":"https:\/\/api.w.org\/{rel}","templated":true}]}}